{"id":411,"date":"2021-05-07T12:16:00","date_gmt":"2021-05-07T10:16:00","guid":{"rendered":"https:\/\/www.tjc-group.com\/\/\/?page_id=411"},"modified":"2025-06-20T16:30:44","modified_gmt":"2025-06-20T11:00:44","slug":"elsa","status":"publish","type":"page","link":"https:\/\/www.tjc-group.com\/fr\/elsa\/","title":{"rendered":"ELSA"},"content":{"rendered":"","protected":false},"excerpt":{"rendered":"","protected":false},"author":2,"featured_media":0,"parent":0,"menu_order":0,"comment_status":"closed","ping_status":"closed","template":"templates\/template-elsa.php","meta":{"content-type":"","footnotes":""},"class_list":["post-411","page","type-page","status-publish","hentry"],"yoast_head":"<!-- This site is optimized with the Yoast SEO Premium plugin v27.2 (Yoast SEO v27.3) - https:\/\/yoast.com\/product\/yoast-seo-premium-wordpress\/ -->\n<title>Enterprise Legacy System Application (ELSA) - TJC Group, France<\/title>\n<meta name=\"description\" content=\"ELSA est une application certifi\u00e9e sur le SAP BTP qui garantit que toutes les donn\u00e9es legacy sont stock\u00e9es en toute s\u00e9curit\u00e9 et peuvent \u00eatre consult\u00e9es avant et apr\u00e8s la migration vers SAP S\/4HANA.\" \/>\n<meta name=\"robots\" content=\"index, follow, max-snippet:-1, max-image-preview:large, max-video-preview:-1\" \/>\n<link rel=\"canonical\" href=\"https:\/\/www.tjc-group.com\/fr\/elsa\/\" \/>\n<meta property=\"og:locale\" content=\"fr_FR\" \/>\n<meta property=\"og:type\" content=\"article\" \/>\n<meta property=\"og:title\" content=\"ELSA\" \/>\n<meta property=\"og:description\" content=\"ELSA est une application certifi\u00e9e sur le SAP BTP qui garantit que toutes les donn\u00e9es legacy sont stock\u00e9es en toute s\u00e9curit\u00e9 et peuvent \u00eatre consult\u00e9es avant et apr\u00e8s la migration vers SAP S\/4HANA.\" \/>\n<meta property=\"og:url\" content=\"https:\/\/www.tjc-group.com\/fr\/elsa\/\" \/>\n<meta property=\"og:site_name\" content=\"TJC Group\" \/>\n<meta property=\"article:modified_time\" content=\"2025-06-20T11:00:44+00:00\" \/>\n<meta property=\"og:image\" content=\"https:\/\/www.tjc-group.com\/wp-content\/uploads\/2022\/10\/Logo-ELSA-1-1.jpg\" \/>\n\t<meta property=\"og:image:width\" content=\"1200\" \/>\n\t<meta property=\"og:image:height\" content=\"627\" \/>\n\t<meta property=\"og:image:type\" content=\"image\/jpeg\" \/>\n<meta name=\"twitter:card\" content=\"summary_large_image\" \/>\n<meta name=\"twitter:site\" content=\"@tjcsoftware\" \/>\n<script type=\"application\/ld+json\" class=\"yoast-schema-graph\">{\"@context\":\"https:\\\/\\\/schema.org\",\"@graph\":[{\"@type\":\"WebPage\",\"@id\":\"https:\\\/\\\/www.tjc-group.com\\\/fr\\\/elsa\\\/\",\"url\":\"https:\\\/\\\/www.tjc-group.com\\\/fr\\\/elsa\\\/\",\"name\":\"Enterprise Legacy System Application (ELSA) - TJC Group, France\",\"isPartOf\":{\"@id\":\"https:\\\/\\\/www.tjc-group.com\\\/fr\\\/#website\"},\"datePublished\":\"2021-05-07T10:16:00+00:00\",\"dateModified\":\"2025-06-20T11:00:44+00:00\",\"description\":\"ELSA est une application certifi\u00e9e sur le SAP BTP qui garantit que toutes les donn\u00e9es legacy sont stock\u00e9es en toute s\u00e9curit\u00e9 et peuvent \u00eatre consult\u00e9es avant et apr\u00e8s la migration vers SAP S\\\/4HANA.\",\"breadcrumb\":{\"@id\":\"https:\\\/\\\/www.tjc-group.com\\\/fr\\\/elsa\\\/#breadcrumb\"},\"inLanguage\":\"fr-FR\",\"potentialAction\":[{\"@type\":\"ReadAction\",\"target\":[\"https:\\\/\\\/www.tjc-group.com\\\/fr\\\/elsa\\\/\"]}]},{\"@type\":\"BreadcrumbList\",\"@id\":\"https:\\\/\\\/www.tjc-group.com\\\/fr\\\/elsa\\\/#breadcrumb\",\"itemListElement\":[{\"@type\":\"ListItem\",\"position\":1,\"name\":\"Home\",\"item\":\"https:\\\/\\\/www.tjc-group.com\\\/fr\\\/\"},{\"@type\":\"ListItem\",\"position\":2,\"name\":\"ELSA\"}]},{\"@type\":\"WebSite\",\"@id\":\"https:\\\/\\\/www.tjc-group.com\\\/fr\\\/#website\",\"url\":\"https:\\\/\\\/www.tjc-group.com\\\/fr\\\/\",\"name\":\"TJC Group\",\"description\":\"\",\"publisher\":{\"@id\":\"https:\\\/\\\/www.tjc-group.com\\\/fr\\\/#organization\"},\"potentialAction\":[{\"@type\":\"SearchAction\",\"target\":{\"@type\":\"EntryPoint\",\"urlTemplate\":\"https:\\\/\\\/www.tjc-group.com\\\/fr\\\/?s={search_term_string}\"},\"query-input\":{\"@type\":\"PropertyValueSpecification\",\"valueRequired\":true,\"valueName\":\"search_term_string\"}}],\"inLanguage\":\"fr-FR\"},{\"@type\":\"Organization\",\"@id\":\"https:\\\/\\\/www.tjc-group.com\\\/fr\\\/#organization\",\"name\":\"TJC Group\",\"url\":\"https:\\\/\\\/www.tjc-group.com\\\/fr\\\/\",\"logo\":{\"@type\":\"ImageObject\",\"inLanguage\":\"fr-FR\",\"@id\":\"https:\\\/\\\/www.tjc-group.com\\\/fr\\\/#\\\/schema\\\/logo\\\/image\\\/\",\"url\":\"https:\\\/\\\/www.tjc-group.com\\\/wp-content\\\/uploads\\\/2021\\\/05\\\/logo.svg\",\"contentUrl\":\"https:\\\/\\\/www.tjc-group.com\\\/wp-content\\\/uploads\\\/2021\\\/05\\\/logo.svg\",\"caption\":\"TJC Group\"},\"image\":{\"@id\":\"https:\\\/\\\/www.tjc-group.com\\\/fr\\\/#\\\/schema\\\/logo\\\/image\\\/\"},\"sameAs\":[\"https:\\\/\\\/x.com\\\/tjcsoftware\",\"https:\\\/\\\/www.linkedin.com\\\/company\\\/tjc-group\",\"https:\\\/\\\/www.youtube.com\\\/tjcgroup\"]}]}<\/script>\n<!-- \/ Yoast SEO Premium plugin. -->","yoast_head_json":{"title":"Enterprise Legacy System Application (ELSA) - TJC Group, France","description":"ELSA est une application certifi\u00e9e sur le SAP BTP qui garantit que toutes les donn\u00e9es legacy sont stock\u00e9es en toute s\u00e9curit\u00e9 et peuvent \u00eatre consult\u00e9es avant et apr\u00e8s la migration vers SAP S\/4HANA.","robots":{"index":"index","follow":"follow","max-snippet":"max-snippet:-1","max-image-preview":"max-image-preview:large","max-video-preview":"max-video-preview:-1"},"canonical":"https:\/\/www.tjc-group.com\/fr\/elsa\/","og_locale":"fr_FR","og_type":"article","og_title":"ELSA","og_description":"ELSA est une application certifi\u00e9e sur le SAP BTP qui garantit que toutes les donn\u00e9es legacy sont stock\u00e9es en toute s\u00e9curit\u00e9 et peuvent \u00eatre consult\u00e9es avant et apr\u00e8s la migration vers SAP S\/4HANA.","og_url":"https:\/\/www.tjc-group.com\/fr\/elsa\/","og_site_name":"TJC Group","article_modified_time":"2025-06-20T11:00:44+00:00","og_image":[{"width":1200,"height":627,"url":"https:\/\/www.tjc-group.com\/wp-content\/uploads\/2022\/10\/Logo-ELSA-1-1.jpg","type":"image\/jpeg"}],"twitter_card":"summary_large_image","twitter_site":"@tjcsoftware","schema":{"@context":"https:\/\/schema.org","@graph":[{"@type":"WebPage","@id":"https:\/\/www.tjc-group.com\/fr\/elsa\/","url":"https:\/\/www.tjc-group.com\/fr\/elsa\/","name":"Enterprise Legacy System Application (ELSA) - TJC Group, France","isPartOf":{"@id":"https:\/\/www.tjc-group.com\/fr\/#website"},"datePublished":"2021-05-07T10:16:00+00:00","dateModified":"2025-06-20T11:00:44+00:00","description":"ELSA est une application certifi\u00e9e sur le SAP BTP qui garantit que toutes les donn\u00e9es legacy sont stock\u00e9es en toute s\u00e9curit\u00e9 et peuvent \u00eatre consult\u00e9es avant et apr\u00e8s la migration vers SAP S\/4HANA.","breadcrumb":{"@id":"https:\/\/www.tjc-group.com\/fr\/elsa\/#breadcrumb"},"inLanguage":"fr-FR","potentialAction":[{"@type":"ReadAction","target":["https:\/\/www.tjc-group.com\/fr\/elsa\/"]}]},{"@type":"BreadcrumbList","@id":"https:\/\/www.tjc-group.com\/fr\/elsa\/#breadcrumb","itemListElement":[{"@type":"ListItem","position":1,"name":"Home","item":"https:\/\/www.tjc-group.com\/fr\/"},{"@type":"ListItem","position":2,"name":"ELSA"}]},{"@type":"WebSite","@id":"https:\/\/www.tjc-group.com\/fr\/#website","url":"https:\/\/www.tjc-group.com\/fr\/","name":"TJC Group","description":"","publisher":{"@id":"https:\/\/www.tjc-group.com\/fr\/#organization"},"potentialAction":[{"@type":"SearchAction","target":{"@type":"EntryPoint","urlTemplate":"https:\/\/www.tjc-group.com\/fr\/?s={search_term_string}"},"query-input":{"@type":"PropertyValueSpecification","valueRequired":true,"valueName":"search_term_string"}}],"inLanguage":"fr-FR"},{"@type":"Organization","@id":"https:\/\/www.tjc-group.com\/fr\/#organization","name":"TJC Group","url":"https:\/\/www.tjc-group.com\/fr\/","logo":{"@type":"ImageObject","inLanguage":"fr-FR","@id":"https:\/\/www.tjc-group.com\/fr\/#\/schema\/logo\/image\/","url":"https:\/\/www.tjc-group.com\/wp-content\/uploads\/2021\/05\/logo.svg","contentUrl":"https:\/\/www.tjc-group.com\/wp-content\/uploads\/2021\/05\/logo.svg","caption":"TJC Group"},"image":{"@id":"https:\/\/www.tjc-group.com\/fr\/#\/schema\/logo\/image\/"},"sameAs":["https:\/\/x.com\/tjcsoftware","https:\/\/www.linkedin.com\/company\/tjc-group","https:\/\/www.youtube.com\/tjcgroup"]}]}},"_links":{"self":[{"href":"https:\/\/www.tjc-group.com\/fr\/wp-json\/wp\/v2\/pages\/411","targetHints":{"allow":["GET"]}}],"collection":[{"href":"https:\/\/www.tjc-group.com\/fr\/wp-json\/wp\/v2\/pages"}],"about":[{"href":"https:\/\/www.tjc-group.com\/fr\/wp-json\/wp\/v2\/types\/page"}],"author":[{"embeddable":true,"href":"https:\/\/www.tjc-group.com\/fr\/wp-json\/wp\/v2\/users\/2"}],"replies":[{"embeddable":true,"href":"https:\/\/www.tjc-group.com\/fr\/wp-json\/wp\/v2\/comments?post=411"}],"version-history":[{"count":7,"href":"https:\/\/www.tjc-group.com\/fr\/wp-json\/wp\/v2\/pages\/411\/revisions"}],"predecessor-version":[{"id":38969,"href":"https:\/\/www.tjc-group.com\/fr\/wp-json\/wp\/v2\/pages\/411\/revisions\/38969"}],"wp:attachment":[{"href":"https:\/\/www.tjc-group.com\/fr\/wp-json\/wp\/v2\/media?parent=411"}],"curies":[{"name":"wp","href":"https:\/\/api.w.org\/{rel}","templated":true}]}}