{"id":29673,"date":"2023-10-05T11:05:10","date_gmt":"2023-10-05T05:35:10","guid":{"rendered":"https:\/\/www.tjc-group.com\/global-e-invoicing-ande-reporting-beta\/"},"modified":"2024-12-05T19:32:47","modified_gmt":"2024-12-05T14:02:47","slug":"facturation-et-declaration-electroniques","status":"publish","type":"page","link":"https:\/\/www.tjc-group.com\/fr\/facturation-et-declaration-electroniques\/","title":{"rendered":"Facturation et D\u00e9claration \u00c9lectroniques"},"content":{"rendered":"","protected":false},"excerpt":{"rendered":"","protected":false},"author":19,"featured_media":29990,"parent":0,"menu_order":0,"comment_status":"closed","ping_status":"closed","template":"templates\/template-global-e-invoicing-and-e-reporting.php","meta":{"content-type":"","footnotes":""},"class_list":["post-29673","page","type-page","status-publish","has-post-thumbnail","hentry"],"yoast_head":"<!-- This site is optimized with the Yoast SEO Premium plugin v27.2 (Yoast SEO v27.4) - https:\/\/yoast.com\/product\/yoast-seo-premium-wordpress\/ -->\n<title>Facturation et D\u00e9claration \u00c9lectroniques - TJC Group<\/title>\n<meta name=\"description\" content=\"Se conformer \u00e0 la facturation et au reporting \u00e9lectroniques dans le monde entier. TJC Group facilite la mise en \u0153uvre de l&#039;e-facturation et de l&#039;e-reporting sans stress gr\u00e2ce \u00e0 SAP Document and Reporting Compliance.\" \/>\n<meta name=\"robots\" content=\"index, follow, max-snippet:-1, max-image-preview:large, max-video-preview:-1\" \/>\n<link rel=\"canonical\" href=\"https:\/\/www.tjc-group.com\/fr\/facturation-et-declaration-electroniques\/\" \/>\n<meta property=\"og:locale\" content=\"fr_FR\" \/>\n<meta property=\"og:type\" content=\"article\" \/>\n<meta property=\"og:title\" content=\"Facturation et D\u00e9claration \u00c9lectroniques\" \/>\n<meta property=\"og:description\" content=\"Se conformer \u00e0 la facturation et au reporting \u00e9lectroniques dans le monde entier. TJC Group facilite la mise en \u0153uvre de l&#039;e-facturation et de l&#039;e-reporting sans stress gr\u00e2ce \u00e0 SAP Document and Reporting Compliance.\" \/>\n<meta property=\"og:url\" content=\"https:\/\/www.tjc-group.com\/fr\/facturation-et-declaration-electroniques\/\" \/>\n<meta property=\"og:site_name\" content=\"TJC Group\" \/>\n<meta property=\"article:modified_time\" content=\"2024-12-05T14:02:47+00:00\" \/>\n<meta property=\"og:image\" content=\"https:\/\/www.tjc-group.com\/wp-content\/uploads\/2023\/11\/Header_web_e-invoicing__e-reporting_with_SAP_DRC_1920x960px-scaled.jpg\" \/>\n\t<meta property=\"og:image:width\" content=\"2560\" \/>\n\t<meta property=\"og:image:height\" content=\"1280\" \/>\n\t<meta property=\"og:image:type\" content=\"image\/jpeg\" \/>\n<meta name=\"twitter:card\" content=\"summary_large_image\" \/>\n<meta name=\"twitter:site\" content=\"@tjcsoftware\" \/>\n<meta name=\"twitter:label1\" content=\"Dur\u00e9e de lecture estim\u00e9e\" \/>\n\t<meta name=\"twitter:data1\" content=\"1 minute\" \/>\n<script type=\"application\/ld+json\" class=\"yoast-schema-graph\">{\"@context\":\"https:\\\/\\\/schema.org\",\"@graph\":[{\"@type\":\"WebPage\",\"@id\":\"https:\\\/\\\/www.tjc-group.com\\\/fr\\\/facturation-et-declaration-electroniques\\\/\",\"url\":\"https:\\\/\\\/www.tjc-group.com\\\/fr\\\/facturation-et-declaration-electroniques\\\/\",\"name\":\"Facturation et D\u00e9claration \u00c9lectroniques - TJC Group\",\"isPartOf\":{\"@id\":\"https:\\\/\\\/www.tjc-group.com\\\/fr\\\/#website\"},\"primaryImageOfPage\":{\"@id\":\"https:\\\/\\\/www.tjc-group.com\\\/fr\\\/facturation-et-declaration-electroniques\\\/#primaryimage\"},\"image\":{\"@id\":\"https:\\\/\\\/www.tjc-group.com\\\/fr\\\/facturation-et-declaration-electroniques\\\/#primaryimage\"},\"thumbnailUrl\":\"https:\\\/\\\/www.tjc-group.com\\\/wp-content\\\/uploads\\\/2023\\\/11\\\/Header_web_e-invoicing__e-reporting_with_SAP_DRC_1920x960px-scaled.jpg\",\"datePublished\":\"2023-10-05T05:35:10+00:00\",\"dateModified\":\"2024-12-05T14:02:47+00:00\",\"description\":\"Se conformer \u00e0 la facturation et au reporting \u00e9lectroniques dans le monde entier. TJC Group facilite la mise en \u0153uvre de l'e-facturation et de l'e-reporting sans stress gr\u00e2ce \u00e0 SAP Document and Reporting Compliance.\",\"breadcrumb\":{\"@id\":\"https:\\\/\\\/www.tjc-group.com\\\/fr\\\/facturation-et-declaration-electroniques\\\/#breadcrumb\"},\"inLanguage\":\"fr-FR\",\"potentialAction\":[{\"@type\":\"ReadAction\",\"target\":[\"https:\\\/\\\/www.tjc-group.com\\\/fr\\\/facturation-et-declaration-electroniques\\\/\"]}]},{\"@type\":\"ImageObject\",\"inLanguage\":\"fr-FR\",\"@id\":\"https:\\\/\\\/www.tjc-group.com\\\/fr\\\/facturation-et-declaration-electroniques\\\/#primaryimage\",\"url\":\"https:\\\/\\\/www.tjc-group.com\\\/wp-content\\\/uploads\\\/2023\\\/11\\\/Header_web_e-invoicing__e-reporting_with_SAP_DRC_1920x960px-scaled.jpg\",\"contentUrl\":\"https:\\\/\\\/www.tjc-group.com\\\/wp-content\\\/uploads\\\/2023\\\/11\\\/Header_web_e-invoicing__e-reporting_with_SAP_DRC_1920x960px-scaled.jpg\",\"width\":2560,\"height\":1280,\"caption\":\"invoicing-img\"},{\"@type\":\"BreadcrumbList\",\"@id\":\"https:\\\/\\\/www.tjc-group.com\\\/fr\\\/facturation-et-declaration-electroniques\\\/#breadcrumb\",\"itemListElement\":[{\"@type\":\"ListItem\",\"position\":1,\"name\":\"Home\",\"item\":\"https:\\\/\\\/www.tjc-group.com\\\/fr\\\/\"},{\"@type\":\"ListItem\",\"position\":2,\"name\":\"Facturation et D\u00e9claration \u00c9lectroniques\"}]},{\"@type\":\"WebSite\",\"@id\":\"https:\\\/\\\/www.tjc-group.com\\\/fr\\\/#website\",\"url\":\"https:\\\/\\\/www.tjc-group.com\\\/fr\\\/\",\"name\":\"TJC Group\",\"description\":\"\",\"publisher\":{\"@id\":\"https:\\\/\\\/www.tjc-group.com\\\/fr\\\/#organization\"},\"potentialAction\":[{\"@type\":\"SearchAction\",\"target\":{\"@type\":\"EntryPoint\",\"urlTemplate\":\"https:\\\/\\\/www.tjc-group.com\\\/fr\\\/?s={search_term_string}\"},\"query-input\":{\"@type\":\"PropertyValueSpecification\",\"valueRequired\":true,\"valueName\":\"search_term_string\"}}],\"inLanguage\":\"fr-FR\"},{\"@type\":\"Organization\",\"@id\":\"https:\\\/\\\/www.tjc-group.com\\\/fr\\\/#organization\",\"name\":\"TJC Group\",\"url\":\"https:\\\/\\\/www.tjc-group.com\\\/fr\\\/\",\"logo\":{\"@type\":\"ImageObject\",\"inLanguage\":\"fr-FR\",\"@id\":\"https:\\\/\\\/www.tjc-group.com\\\/fr\\\/#\\\/schema\\\/logo\\\/image\\\/\",\"url\":\"https:\\\/\\\/www.tjc-group.com\\\/wp-content\\\/uploads\\\/2021\\\/05\\\/logo.svg\",\"contentUrl\":\"https:\\\/\\\/www.tjc-group.com\\\/wp-content\\\/uploads\\\/2021\\\/05\\\/logo.svg\",\"caption\":\"TJC Group\"},\"image\":{\"@id\":\"https:\\\/\\\/www.tjc-group.com\\\/fr\\\/#\\\/schema\\\/logo\\\/image\\\/\"},\"sameAs\":[\"https:\\\/\\\/x.com\\\/tjcsoftware\",\"https:\\\/\\\/www.linkedin.com\\\/company\\\/tjc-group\",\"https:\\\/\\\/www.youtube.com\\\/tjcgroup\"]}]}<\/script>\n<!-- \/ Yoast SEO Premium plugin. -->","yoast_head_json":{"title":"Facturation et D\u00e9claration \u00c9lectroniques - TJC Group","description":"Se conformer \u00e0 la facturation et au reporting \u00e9lectroniques dans le monde entier. TJC Group facilite la mise en \u0153uvre de l'e-facturation et de l'e-reporting sans stress gr\u00e2ce \u00e0 SAP Document and Reporting Compliance.","robots":{"index":"index","follow":"follow","max-snippet":"max-snippet:-1","max-image-preview":"max-image-preview:large","max-video-preview":"max-video-preview:-1"},"canonical":"https:\/\/www.tjc-group.com\/fr\/facturation-et-declaration-electroniques\/","og_locale":"fr_FR","og_type":"article","og_title":"Facturation et D\u00e9claration \u00c9lectroniques","og_description":"Se conformer \u00e0 la facturation et au reporting \u00e9lectroniques dans le monde entier. TJC Group facilite la mise en \u0153uvre de l'e-facturation et de l'e-reporting sans stress gr\u00e2ce \u00e0 SAP Document and Reporting Compliance.","og_url":"https:\/\/www.tjc-group.com\/fr\/facturation-et-declaration-electroniques\/","og_site_name":"TJC Group","article_modified_time":"2024-12-05T14:02:47+00:00","og_image":[{"width":2560,"height":1280,"url":"https:\/\/www.tjc-group.com\/wp-content\/uploads\/2023\/11\/Header_web_e-invoicing__e-reporting_with_SAP_DRC_1920x960px-scaled.jpg","type":"image\/jpeg"}],"twitter_card":"summary_large_image","twitter_site":"@tjcsoftware","twitter_misc":{"Dur\u00e9e de lecture estim\u00e9e":"1 minute"},"schema":{"@context":"https:\/\/schema.org","@graph":[{"@type":"WebPage","@id":"https:\/\/www.tjc-group.com\/fr\/facturation-et-declaration-electroniques\/","url":"https:\/\/www.tjc-group.com\/fr\/facturation-et-declaration-electroniques\/","name":"Facturation et D\u00e9claration \u00c9lectroniques - TJC Group","isPartOf":{"@id":"https:\/\/www.tjc-group.com\/fr\/#website"},"primaryImageOfPage":{"@id":"https:\/\/www.tjc-group.com\/fr\/facturation-et-declaration-electroniques\/#primaryimage"},"image":{"@id":"https:\/\/www.tjc-group.com\/fr\/facturation-et-declaration-electroniques\/#primaryimage"},"thumbnailUrl":"https:\/\/www.tjc-group.com\/wp-content\/uploads\/2023\/11\/Header_web_e-invoicing__e-reporting_with_SAP_DRC_1920x960px-scaled.jpg","datePublished":"2023-10-05T05:35:10+00:00","dateModified":"2024-12-05T14:02:47+00:00","description":"Se conformer \u00e0 la facturation et au reporting \u00e9lectroniques dans le monde entier. TJC Group facilite la mise en \u0153uvre de l'e-facturation et de l'e-reporting sans stress gr\u00e2ce \u00e0 SAP Document and Reporting Compliance.","breadcrumb":{"@id":"https:\/\/www.tjc-group.com\/fr\/facturation-et-declaration-electroniques\/#breadcrumb"},"inLanguage":"fr-FR","potentialAction":[{"@type":"ReadAction","target":["https:\/\/www.tjc-group.com\/fr\/facturation-et-declaration-electroniques\/"]}]},{"@type":"ImageObject","inLanguage":"fr-FR","@id":"https:\/\/www.tjc-group.com\/fr\/facturation-et-declaration-electroniques\/#primaryimage","url":"https:\/\/www.tjc-group.com\/wp-content\/uploads\/2023\/11\/Header_web_e-invoicing__e-reporting_with_SAP_DRC_1920x960px-scaled.jpg","contentUrl":"https:\/\/www.tjc-group.com\/wp-content\/uploads\/2023\/11\/Header_web_e-invoicing__e-reporting_with_SAP_DRC_1920x960px-scaled.jpg","width":2560,"height":1280,"caption":"invoicing-img"},{"@type":"BreadcrumbList","@id":"https:\/\/www.tjc-group.com\/fr\/facturation-et-declaration-electroniques\/#breadcrumb","itemListElement":[{"@type":"ListItem","position":1,"name":"Home","item":"https:\/\/www.tjc-group.com\/fr\/"},{"@type":"ListItem","position":2,"name":"Facturation et D\u00e9claration \u00c9lectroniques"}]},{"@type":"WebSite","@id":"https:\/\/www.tjc-group.com\/fr\/#website","url":"https:\/\/www.tjc-group.com\/fr\/","name":"TJC Group","description":"","publisher":{"@id":"https:\/\/www.tjc-group.com\/fr\/#organization"},"potentialAction":[{"@type":"SearchAction","target":{"@type":"EntryPoint","urlTemplate":"https:\/\/www.tjc-group.com\/fr\/?s={search_term_string}"},"query-input":{"@type":"PropertyValueSpecification","valueRequired":true,"valueName":"search_term_string"}}],"inLanguage":"fr-FR"},{"@type":"Organization","@id":"https:\/\/www.tjc-group.com\/fr\/#organization","name":"TJC Group","url":"https:\/\/www.tjc-group.com\/fr\/","logo":{"@type":"ImageObject","inLanguage":"fr-FR","@id":"https:\/\/www.tjc-group.com\/fr\/#\/schema\/logo\/image\/","url":"https:\/\/www.tjc-group.com\/wp-content\/uploads\/2021\/05\/logo.svg","contentUrl":"https:\/\/www.tjc-group.com\/wp-content\/uploads\/2021\/05\/logo.svg","caption":"TJC Group"},"image":{"@id":"https:\/\/www.tjc-group.com\/fr\/#\/schema\/logo\/image\/"},"sameAs":["https:\/\/x.com\/tjcsoftware","https:\/\/www.linkedin.com\/company\/tjc-group","https:\/\/www.youtube.com\/tjcgroup"]}]}},"_links":{"self":[{"href":"https:\/\/www.tjc-group.com\/fr\/wp-json\/wp\/v2\/pages\/29673","targetHints":{"allow":["GET"]}}],"collection":[{"href":"https:\/\/www.tjc-group.com\/fr\/wp-json\/wp\/v2\/pages"}],"about":[{"href":"https:\/\/www.tjc-group.com\/fr\/wp-json\/wp\/v2\/types\/page"}],"author":[{"embeddable":true,"href":"https:\/\/www.tjc-group.com\/fr\/wp-json\/wp\/v2\/users\/19"}],"replies":[{"embeddable":true,"href":"https:\/\/www.tjc-group.com\/fr\/wp-json\/wp\/v2\/comments?post=29673"}],"version-history":[{"count":89,"href":"https:\/\/www.tjc-group.com\/fr\/wp-json\/wp\/v2\/pages\/29673\/revisions"}],"predecessor-version":[{"id":36879,"href":"https:\/\/www.tjc-group.com\/fr\/wp-json\/wp\/v2\/pages\/29673\/revisions\/36879"}],"wp:featuredmedia":[{"embeddable":true,"href":"https:\/\/www.tjc-group.com\/fr\/wp-json\/wp\/v2\/media\/29990"}],"wp:attachment":[{"href":"https:\/\/www.tjc-group.com\/fr\/wp-json\/wp\/v2\/media?parent=29673"}],"curies":[{"name":"wp","href":"https:\/\/api.w.org\/{rel}","templated":true}]}}