{"id":22840,"date":"2022-07-20T08:26:54","date_gmt":"2022-07-20T02:56:54","guid":{"rendered":"https:\/\/www.tjc-group.com\/evenements\/"},"modified":"2025-03-23T10:45:59","modified_gmt":"2025-03-23T05:15:59","slug":"evenements","status":"publish","type":"page","link":"https:\/\/www.tjc-group.com\/fr\/evenements\/","title":{"rendered":"\u00c9v\u00e9nements"},"content":{"rendered":"","protected":false},"excerpt":{"rendered":"","protected":false},"author":8,"featured_media":0,"parent":0,"menu_order":0,"comment_status":"closed","ping_status":"closed","template":"templates\/template-events.php","meta":{"content-type":"","footnotes":""},"class_list":["post-22840","page","type-page","status-publish","hentry"],"yoast_head":"<!-- This site is optimized with the Yoast SEO Premium plugin v27.2 (Yoast SEO v27.4) - https:\/\/yoast.com\/product\/yoast-seo-premium-wordpress\/ -->\n<title>\u00c9v\u00e9nements - TJC Group<\/title>\n<meta name=\"description\" content=\"D\u00e9couvrez tous les \u00e9v\u00e9nements de TJC Group - Page 4\" \/>\n<meta name=\"robots\" content=\"index, follow, max-snippet:-1, max-image-preview:large, max-video-preview:-1\" \/>\n<link rel=\"canonical\" href=\"https:\/\/www.tjc-group.com\/fr\/evenements\/\" \/>\n<meta property=\"og:locale\" content=\"fr_FR\" \/>\n<meta property=\"og:type\" content=\"article\" \/>\n<meta property=\"og:title\" content=\"\u00c9v\u00e9nements\" \/>\n<meta property=\"og:description\" content=\"D\u00e9couvrez tous les \u00e9v\u00e9nements de TJC Group - Page 4\" \/>\n<meta property=\"og:url\" content=\"https:\/\/www.tjc-group.com\/fr\/evenements\/\" \/>\n<meta property=\"og:site_name\" content=\"TJC Group\" \/>\n<meta property=\"article:modified_time\" content=\"2025-03-23T05:15:59+00:00\" \/>\n<meta property=\"og:image\" content=\"https:\/\/www.tjc-group.com\/wp-content\/uploads\/2022\/10\/shutterstock_224446519-scaled.jpg\" \/>\n\t<meta property=\"og:image:width\" content=\"2560\" \/>\n\t<meta property=\"og:image:height\" content=\"1709\" \/>\n\t<meta property=\"og:image:type\" content=\"image\/jpeg\" \/>\n<meta name=\"twitter:card\" content=\"summary_large_image\" \/>\n<meta name=\"twitter:site\" content=\"@tjcsoftware\" \/>\n<script type=\"application\/ld+json\" class=\"yoast-schema-graph\">{\"@context\":\"https:\\\/\\\/schema.org\",\"@graph\":[{\"@type\":\"WebPage\",\"@id\":\"https:\\\/\\\/www.tjc-group.com\\\/fr\\\/evenements\\\/\",\"url\":\"https:\\\/\\\/www.tjc-group.com\\\/fr\\\/evenements\\\/\",\"name\":\"\u00c9v\u00e9nements - TJC Group\",\"isPartOf\":{\"@id\":\"https:\\\/\\\/www.tjc-group.com\\\/fr\\\/#website\"},\"datePublished\":\"2022-07-20T02:56:54+00:00\",\"dateModified\":\"2025-03-23T05:15:59+00:00\",\"description\":\"D\u00e9couvrez tous les \u00e9v\u00e9nements de TJC Group - Page 4\",\"breadcrumb\":{\"@id\":\"https:\\\/\\\/www.tjc-group.com\\\/fr\\\/evenements\\\/#breadcrumb\"},\"inLanguage\":\"fr-FR\",\"potentialAction\":[{\"@type\":\"ReadAction\",\"target\":[\"https:\\\/\\\/www.tjc-group.com\\\/fr\\\/evenements\\\/\"]}]},{\"@type\":\"BreadcrumbList\",\"@id\":\"https:\\\/\\\/www.tjc-group.com\\\/fr\\\/evenements\\\/#breadcrumb\",\"itemListElement\":[{\"@type\":\"ListItem\",\"position\":1,\"name\":\"Home\",\"item\":\"https:\\\/\\\/www.tjc-group.com\\\/fr\\\/\"},{\"@type\":\"ListItem\",\"position\":2,\"name\":\"\u00c9v\u00e9nements\"}]},{\"@type\":\"WebSite\",\"@id\":\"https:\\\/\\\/www.tjc-group.com\\\/fr\\\/#website\",\"url\":\"https:\\\/\\\/www.tjc-group.com\\\/fr\\\/\",\"name\":\"TJC Group\",\"description\":\"\",\"publisher\":{\"@id\":\"https:\\\/\\\/www.tjc-group.com\\\/fr\\\/#organization\"},\"potentialAction\":[{\"@type\":\"SearchAction\",\"target\":{\"@type\":\"EntryPoint\",\"urlTemplate\":\"https:\\\/\\\/www.tjc-group.com\\\/fr\\\/?s={search_term_string}\"},\"query-input\":{\"@type\":\"PropertyValueSpecification\",\"valueRequired\":true,\"valueName\":\"search_term_string\"}}],\"inLanguage\":\"fr-FR\"},{\"@type\":\"Organization\",\"@id\":\"https:\\\/\\\/www.tjc-group.com\\\/fr\\\/#organization\",\"name\":\"TJC Group\",\"url\":\"https:\\\/\\\/www.tjc-group.com\\\/fr\\\/\",\"logo\":{\"@type\":\"ImageObject\",\"inLanguage\":\"fr-FR\",\"@id\":\"https:\\\/\\\/www.tjc-group.com\\\/fr\\\/#\\\/schema\\\/logo\\\/image\\\/\",\"url\":\"https:\\\/\\\/www.tjc-group.com\\\/wp-content\\\/uploads\\\/2021\\\/05\\\/logo.svg\",\"contentUrl\":\"https:\\\/\\\/www.tjc-group.com\\\/wp-content\\\/uploads\\\/2021\\\/05\\\/logo.svg\",\"caption\":\"TJC Group\"},\"image\":{\"@id\":\"https:\\\/\\\/www.tjc-group.com\\\/fr\\\/#\\\/schema\\\/logo\\\/image\\\/\"},\"sameAs\":[\"https:\\\/\\\/x.com\\\/tjcsoftware\",\"https:\\\/\\\/www.linkedin.com\\\/company\\\/tjc-group\",\"https:\\\/\\\/www.youtube.com\\\/tjcgroup\"]}]}<\/script>\n<!-- \/ Yoast SEO Premium plugin. -->","yoast_head_json":{"title":"\u00c9v\u00e9nements - TJC Group","description":"D\u00e9couvrez tous les \u00e9v\u00e9nements de TJC Group - Page 4","robots":{"index":"index","follow":"follow","max-snippet":"max-snippet:-1","max-image-preview":"max-image-preview:large","max-video-preview":"max-video-preview:-1"},"canonical":"https:\/\/www.tjc-group.com\/fr\/evenements\/","og_locale":"fr_FR","og_type":"article","og_title":"\u00c9v\u00e9nements","og_description":"D\u00e9couvrez tous les \u00e9v\u00e9nements de TJC Group - Page 4","og_url":"https:\/\/www.tjc-group.com\/fr\/evenements\/","og_site_name":"TJC Group","article_modified_time":"2025-03-23T05:15:59+00:00","og_image":[{"width":2560,"height":1709,"url":"https:\/\/www.tjc-group.com\/wp-content\/uploads\/2022\/10\/shutterstock_224446519-scaled.jpg","type":"image\/jpeg"}],"twitter_card":"summary_large_image","twitter_site":"@tjcsoftware","schema":{"@context":"https:\/\/schema.org","@graph":[{"@type":"WebPage","@id":"https:\/\/www.tjc-group.com\/fr\/evenements\/","url":"https:\/\/www.tjc-group.com\/fr\/evenements\/","name":"\u00c9v\u00e9nements - TJC Group","isPartOf":{"@id":"https:\/\/www.tjc-group.com\/fr\/#website"},"datePublished":"2022-07-20T02:56:54+00:00","dateModified":"2025-03-23T05:15:59+00:00","description":"D\u00e9couvrez tous les \u00e9v\u00e9nements de TJC Group - Page 4","breadcrumb":{"@id":"https:\/\/www.tjc-group.com\/fr\/evenements\/#breadcrumb"},"inLanguage":"fr-FR","potentialAction":[{"@type":"ReadAction","target":["https:\/\/www.tjc-group.com\/fr\/evenements\/"]}]},{"@type":"BreadcrumbList","@id":"https:\/\/www.tjc-group.com\/fr\/evenements\/#breadcrumb","itemListElement":[{"@type":"ListItem","position":1,"name":"Home","item":"https:\/\/www.tjc-group.com\/fr\/"},{"@type":"ListItem","position":2,"name":"\u00c9v\u00e9nements"}]},{"@type":"WebSite","@id":"https:\/\/www.tjc-group.com\/fr\/#website","url":"https:\/\/www.tjc-group.com\/fr\/","name":"TJC Group","description":"","publisher":{"@id":"https:\/\/www.tjc-group.com\/fr\/#organization"},"potentialAction":[{"@type":"SearchAction","target":{"@type":"EntryPoint","urlTemplate":"https:\/\/www.tjc-group.com\/fr\/?s={search_term_string}"},"query-input":{"@type":"PropertyValueSpecification","valueRequired":true,"valueName":"search_term_string"}}],"inLanguage":"fr-FR"},{"@type":"Organization","@id":"https:\/\/www.tjc-group.com\/fr\/#organization","name":"TJC Group","url":"https:\/\/www.tjc-group.com\/fr\/","logo":{"@type":"ImageObject","inLanguage":"fr-FR","@id":"https:\/\/www.tjc-group.com\/fr\/#\/schema\/logo\/image\/","url":"https:\/\/www.tjc-group.com\/wp-content\/uploads\/2021\/05\/logo.svg","contentUrl":"https:\/\/www.tjc-group.com\/wp-content\/uploads\/2021\/05\/logo.svg","caption":"TJC Group"},"image":{"@id":"https:\/\/www.tjc-group.com\/fr\/#\/schema\/logo\/image\/"},"sameAs":["https:\/\/x.com\/tjcsoftware","https:\/\/www.linkedin.com\/company\/tjc-group","https:\/\/www.youtube.com\/tjcgroup"]}]}},"_links":{"self":[{"href":"https:\/\/www.tjc-group.com\/fr\/wp-json\/wp\/v2\/pages\/22840","targetHints":{"allow":["GET"]}}],"collection":[{"href":"https:\/\/www.tjc-group.com\/fr\/wp-json\/wp\/v2\/pages"}],"about":[{"href":"https:\/\/www.tjc-group.com\/fr\/wp-json\/wp\/v2\/types\/page"}],"author":[{"embeddable":true,"href":"https:\/\/www.tjc-group.com\/fr\/wp-json\/wp\/v2\/users\/8"}],"replies":[{"embeddable":true,"href":"https:\/\/www.tjc-group.com\/fr\/wp-json\/wp\/v2\/comments?post=22840"}],"version-history":[{"count":3,"href":"https:\/\/www.tjc-group.com\/fr\/wp-json\/wp\/v2\/pages\/22840\/revisions"}],"predecessor-version":[{"id":22845,"href":"https:\/\/www.tjc-group.com\/fr\/wp-json\/wp\/v2\/pages\/22840\/revisions\/22845"}],"wp:attachment":[{"href":"https:\/\/www.tjc-group.com\/fr\/wp-json\/wp\/v2\/media?parent=22840"}],"curies":[{"name":"wp","href":"https:\/\/api.w.org\/{rel}","templated":true}]}}