{"id":1716,"date":"2021-06-08T11:35:07","date_gmt":"2021-06-08T09:35:07","guid":{"rendered":"https:\/\/www.tjc-group.com\/\/\/?page_id=1716"},"modified":"2023-02-22T16:32:40","modified_gmt":"2023-02-22T11:02:40","slug":"mentions-legales","status":"publish","type":"page","link":"https:\/\/www.tjc-group.com\/fr\/mentions-legales\/","title":{"rendered":"Mentions l\u00e9gales"},"content":{"rendered":"","protected":false},"excerpt":{"rendered":"","protected":false},"author":2,"featured_media":0,"parent":0,"menu_order":0,"comment_status":"closed","ping_status":"closed","template":"templates\/template-legal-notices.php","meta":{"content-type":"","footnotes":""},"class_list":["post-1716","page","type-page","status-publish","hentry"],"yoast_head":"<!-- This site is optimized with the Yoast SEO Premium plugin v27.2 (Yoast SEO v27.3) - https:\/\/yoast.com\/product\/yoast-seo-premium-wordpress\/ -->\n<title>Mentions l\u00e9gales - TJC Group<\/title>\n<meta name=\"description\" content=\"Consultez ici les conditions g\u00e9n\u00e9rales du groupe TJC. en utilisant ce site Web, vous acceptez ces termes et conditions dans leur int\u00e9gralit\u00e9.\" \/>\n<meta name=\"robots\" content=\"index, follow, max-snippet:-1, max-image-preview:large, max-video-preview:-1\" \/>\n<link rel=\"canonical\" href=\"https:\/\/www.tjc-group.com\/fr\/mentions-legales\/\" \/>\n<meta property=\"og:locale\" content=\"fr_FR\" \/>\n<meta property=\"og:type\" content=\"article\" \/>\n<meta property=\"og:title\" content=\"Mentions l\u00e9gales\" \/>\n<meta property=\"og:description\" content=\"Consultez ici les conditions g\u00e9n\u00e9rales du groupe TJC. en utilisant ce site Web, vous acceptez ces termes et conditions dans leur int\u00e9gralit\u00e9.\" \/>\n<meta property=\"og:url\" content=\"https:\/\/www.tjc-group.com\/fr\/mentions-legales\/\" \/>\n<meta property=\"og:site_name\" content=\"TJC Group\" \/>\n<meta property=\"article:modified_time\" content=\"2023-02-22T11:02:40+00:00\" \/>\n<meta name=\"twitter:card\" content=\"summary_large_image\" \/>\n<meta name=\"twitter:site\" content=\"@tjcsoftware\" \/>\n<script type=\"application\/ld+json\" class=\"yoast-schema-graph\">{\"@context\":\"https:\\\/\\\/schema.org\",\"@graph\":[{\"@type\":\"WebPage\",\"@id\":\"https:\\\/\\\/www.tjc-group.com\\\/fr\\\/mentions-legales\\\/\",\"url\":\"https:\\\/\\\/www.tjc-group.com\\\/fr\\\/mentions-legales\\\/\",\"name\":\"Mentions l\u00e9gales - TJC Group\",\"isPartOf\":{\"@id\":\"https:\\\/\\\/www.tjc-group.com\\\/fr\\\/#website\"},\"datePublished\":\"2021-06-08T09:35:07+00:00\",\"dateModified\":\"2023-02-22T11:02:40+00:00\",\"description\":\"Consultez ici les conditions g\u00e9n\u00e9rales du groupe TJC. en utilisant ce site Web, vous acceptez ces termes et conditions dans leur int\u00e9gralit\u00e9.\",\"breadcrumb\":{\"@id\":\"https:\\\/\\\/www.tjc-group.com\\\/fr\\\/mentions-legales\\\/#breadcrumb\"},\"inLanguage\":\"fr-FR\",\"potentialAction\":[{\"@type\":\"ReadAction\",\"target\":[\"https:\\\/\\\/www.tjc-group.com\\\/fr\\\/mentions-legales\\\/\"]}]},{\"@type\":\"BreadcrumbList\",\"@id\":\"https:\\\/\\\/www.tjc-group.com\\\/fr\\\/mentions-legales\\\/#breadcrumb\",\"itemListElement\":[{\"@type\":\"ListItem\",\"position\":1,\"name\":\"Home\",\"item\":\"https:\\\/\\\/www.tjc-group.com\\\/fr\\\/\"},{\"@type\":\"ListItem\",\"position\":2,\"name\":\"Mentions l\u00e9gales\"}]},{\"@type\":\"WebSite\",\"@id\":\"https:\\\/\\\/www.tjc-group.com\\\/fr\\\/#website\",\"url\":\"https:\\\/\\\/www.tjc-group.com\\\/fr\\\/\",\"name\":\"TJC Group\",\"description\":\"\",\"publisher\":{\"@id\":\"https:\\\/\\\/www.tjc-group.com\\\/fr\\\/#organization\"},\"potentialAction\":[{\"@type\":\"SearchAction\",\"target\":{\"@type\":\"EntryPoint\",\"urlTemplate\":\"https:\\\/\\\/www.tjc-group.com\\\/fr\\\/?s={search_term_string}\"},\"query-input\":{\"@type\":\"PropertyValueSpecification\",\"valueRequired\":true,\"valueName\":\"search_term_string\"}}],\"inLanguage\":\"fr-FR\"},{\"@type\":\"Organization\",\"@id\":\"https:\\\/\\\/www.tjc-group.com\\\/fr\\\/#organization\",\"name\":\"TJC Group\",\"url\":\"https:\\\/\\\/www.tjc-group.com\\\/fr\\\/\",\"logo\":{\"@type\":\"ImageObject\",\"inLanguage\":\"fr-FR\",\"@id\":\"https:\\\/\\\/www.tjc-group.com\\\/fr\\\/#\\\/schema\\\/logo\\\/image\\\/\",\"url\":\"https:\\\/\\\/www.tjc-group.com\\\/wp-content\\\/uploads\\\/2021\\\/05\\\/logo.svg\",\"contentUrl\":\"https:\\\/\\\/www.tjc-group.com\\\/wp-content\\\/uploads\\\/2021\\\/05\\\/logo.svg\",\"caption\":\"TJC Group\"},\"image\":{\"@id\":\"https:\\\/\\\/www.tjc-group.com\\\/fr\\\/#\\\/schema\\\/logo\\\/image\\\/\"},\"sameAs\":[\"https:\\\/\\\/x.com\\\/tjcsoftware\",\"https:\\\/\\\/www.linkedin.com\\\/company\\\/tjc-group\",\"https:\\\/\\\/www.youtube.com\\\/tjcgroup\"]}]}<\/script>\n<!-- \/ Yoast SEO Premium plugin. -->","yoast_head_json":{"title":"Mentions l\u00e9gales - TJC Group","description":"Consultez ici les conditions g\u00e9n\u00e9rales du groupe TJC. en utilisant ce site Web, vous acceptez ces termes et conditions dans leur int\u00e9gralit\u00e9.","robots":{"index":"index","follow":"follow","max-snippet":"max-snippet:-1","max-image-preview":"max-image-preview:large","max-video-preview":"max-video-preview:-1"},"canonical":"https:\/\/www.tjc-group.com\/fr\/mentions-legales\/","og_locale":"fr_FR","og_type":"article","og_title":"Mentions l\u00e9gales","og_description":"Consultez ici les conditions g\u00e9n\u00e9rales du groupe TJC. en utilisant ce site Web, vous acceptez ces termes et conditions dans leur int\u00e9gralit\u00e9.","og_url":"https:\/\/www.tjc-group.com\/fr\/mentions-legales\/","og_site_name":"TJC Group","article_modified_time":"2023-02-22T11:02:40+00:00","twitter_card":"summary_large_image","twitter_site":"@tjcsoftware","schema":{"@context":"https:\/\/schema.org","@graph":[{"@type":"WebPage","@id":"https:\/\/www.tjc-group.com\/fr\/mentions-legales\/","url":"https:\/\/www.tjc-group.com\/fr\/mentions-legales\/","name":"Mentions l\u00e9gales - TJC Group","isPartOf":{"@id":"https:\/\/www.tjc-group.com\/fr\/#website"},"datePublished":"2021-06-08T09:35:07+00:00","dateModified":"2023-02-22T11:02:40+00:00","description":"Consultez ici les conditions g\u00e9n\u00e9rales du groupe TJC. en utilisant ce site Web, vous acceptez ces termes et conditions dans leur int\u00e9gralit\u00e9.","breadcrumb":{"@id":"https:\/\/www.tjc-group.com\/fr\/mentions-legales\/#breadcrumb"},"inLanguage":"fr-FR","potentialAction":[{"@type":"ReadAction","target":["https:\/\/www.tjc-group.com\/fr\/mentions-legales\/"]}]},{"@type":"BreadcrumbList","@id":"https:\/\/www.tjc-group.com\/fr\/mentions-legales\/#breadcrumb","itemListElement":[{"@type":"ListItem","position":1,"name":"Home","item":"https:\/\/www.tjc-group.com\/fr\/"},{"@type":"ListItem","position":2,"name":"Mentions l\u00e9gales"}]},{"@type":"WebSite","@id":"https:\/\/www.tjc-group.com\/fr\/#website","url":"https:\/\/www.tjc-group.com\/fr\/","name":"TJC Group","description":"","publisher":{"@id":"https:\/\/www.tjc-group.com\/fr\/#organization"},"potentialAction":[{"@type":"SearchAction","target":{"@type":"EntryPoint","urlTemplate":"https:\/\/www.tjc-group.com\/fr\/?s={search_term_string}"},"query-input":{"@type":"PropertyValueSpecification","valueRequired":true,"valueName":"search_term_string"}}],"inLanguage":"fr-FR"},{"@type":"Organization","@id":"https:\/\/www.tjc-group.com\/fr\/#organization","name":"TJC Group","url":"https:\/\/www.tjc-group.com\/fr\/","logo":{"@type":"ImageObject","inLanguage":"fr-FR","@id":"https:\/\/www.tjc-group.com\/fr\/#\/schema\/logo\/image\/","url":"https:\/\/www.tjc-group.com\/wp-content\/uploads\/2021\/05\/logo.svg","contentUrl":"https:\/\/www.tjc-group.com\/wp-content\/uploads\/2021\/05\/logo.svg","caption":"TJC Group"},"image":{"@id":"https:\/\/www.tjc-group.com\/fr\/#\/schema\/logo\/image\/"},"sameAs":["https:\/\/x.com\/tjcsoftware","https:\/\/www.linkedin.com\/company\/tjc-group","https:\/\/www.youtube.com\/tjcgroup"]}]}},"_links":{"self":[{"href":"https:\/\/www.tjc-group.com\/fr\/wp-json\/wp\/v2\/pages\/1716","targetHints":{"allow":["GET"]}}],"collection":[{"href":"https:\/\/www.tjc-group.com\/fr\/wp-json\/wp\/v2\/pages"}],"about":[{"href":"https:\/\/www.tjc-group.com\/fr\/wp-json\/wp\/v2\/types\/page"}],"author":[{"embeddable":true,"href":"https:\/\/www.tjc-group.com\/fr\/wp-json\/wp\/v2\/users\/2"}],"replies":[{"embeddable":true,"href":"https:\/\/www.tjc-group.com\/fr\/wp-json\/wp\/v2\/comments?post=1716"}],"version-history":[{"count":3,"href":"https:\/\/www.tjc-group.com\/fr\/wp-json\/wp\/v2\/pages\/1716\/revisions"}],"predecessor-version":[{"id":14173,"href":"https:\/\/www.tjc-group.com\/fr\/wp-json\/wp\/v2\/pages\/1716\/revisions\/14173"}],"wp:attachment":[{"href":"https:\/\/www.tjc-group.com\/fr\/wp-json\/wp\/v2\/media?parent=1716"}],"curies":[{"name":"wp","href":"https:\/\/api.w.org\/{rel}","templated":true}]}}