{"id":1635,"date":"2021-06-07T15:26:47","date_gmt":"2021-06-07T13:26:47","guid":{"rendered":"https:\/\/www.tjc-group.com\/\/\/?page_id=1635"},"modified":"2025-04-03T15:40:27","modified_gmt":"2025-04-03T10:10:27","slug":"politique-de-confidentialite","status":"publish","type":"page","link":"https:\/\/www.tjc-group.com\/fr\/politique-de-confidentialite\/","title":{"rendered":"Politique de confidentialit\u00e9"},"content":{"rendered":"","protected":false},"excerpt":{"rendered":"","protected":false},"author":2,"featured_media":0,"parent":0,"menu_order":0,"comment_status":"closed","ping_status":"closed","template":"templates\/template-privacy-policy.php","meta":{"content-type":"","footnotes":""},"class_list":["post-1635","page","type-page","status-publish","hentry"],"yoast_head":"<!-- This site is optimized with the Yoast SEO Premium plugin v27.2 (Yoast SEO v27.3) - https:\/\/yoast.com\/product\/yoast-seo-premium-wordpress\/ -->\n<title>Politique de confidentialit\u00e9 - TJC Group<\/title>\n<meta name=\"description\" content=\"Veuillez lire attentivement notre politique de confidentialit\u00e9 concernant vos donn\u00e9es personnelles.\" \/>\n<meta name=\"robots\" content=\"index, follow, max-snippet:-1, max-image-preview:large, max-video-preview:-1\" \/>\n<link rel=\"canonical\" href=\"https:\/\/www.tjc-group.com\/fr\/politique-de-confidentialite\/\" \/>\n<meta property=\"og:locale\" content=\"fr_FR\" \/>\n<meta property=\"og:type\" content=\"article\" \/>\n<meta property=\"og:title\" content=\"Politique de confidentialit\u00e9\" \/>\n<meta property=\"og:description\" content=\"Veuillez lire attentivement notre politique de confidentialit\u00e9 concernant vos donn\u00e9es personnelles.\" \/>\n<meta property=\"og:url\" content=\"https:\/\/www.tjc-group.com\/fr\/politique-de-confidentialite\/\" \/>\n<meta property=\"og:site_name\" content=\"TJC Group\" \/>\n<meta property=\"article:modified_time\" content=\"2025-04-03T10:10:27+00:00\" \/>\n<meta name=\"twitter:card\" content=\"summary_large_image\" \/>\n<meta name=\"twitter:site\" content=\"@tjcsoftware\" \/>\n<script type=\"application\/ld+json\" class=\"yoast-schema-graph\">{\"@context\":\"https:\\\/\\\/schema.org\",\"@graph\":[{\"@type\":\"WebPage\",\"@id\":\"https:\\\/\\\/www.tjc-group.com\\\/fr\\\/politique-de-confidentialite\\\/\",\"url\":\"https:\\\/\\\/www.tjc-group.com\\\/fr\\\/politique-de-confidentialite\\\/\",\"name\":\"Politique de confidentialit\u00e9 - TJC Group\",\"isPartOf\":{\"@id\":\"https:\\\/\\\/www.tjc-group.com\\\/fr\\\/#website\"},\"datePublished\":\"2021-06-07T13:26:47+00:00\",\"dateModified\":\"2025-04-03T10:10:27+00:00\",\"description\":\"Veuillez lire attentivement notre politique de confidentialit\u00e9 concernant vos donn\u00e9es personnelles.\",\"breadcrumb\":{\"@id\":\"https:\\\/\\\/www.tjc-group.com\\\/fr\\\/politique-de-confidentialite\\\/#breadcrumb\"},\"inLanguage\":\"fr-FR\",\"potentialAction\":[{\"@type\":\"ReadAction\",\"target\":[\"https:\\\/\\\/www.tjc-group.com\\\/fr\\\/politique-de-confidentialite\\\/\"]}]},{\"@type\":\"BreadcrumbList\",\"@id\":\"https:\\\/\\\/www.tjc-group.com\\\/fr\\\/politique-de-confidentialite\\\/#breadcrumb\",\"itemListElement\":[{\"@type\":\"ListItem\",\"position\":1,\"name\":\"Home\",\"item\":\"https:\\\/\\\/www.tjc-group.com\\\/fr\\\/\"},{\"@type\":\"ListItem\",\"position\":2,\"name\":\"Politique de confidentialit\u00e9\"}]},{\"@type\":\"WebSite\",\"@id\":\"https:\\\/\\\/www.tjc-group.com\\\/fr\\\/#website\",\"url\":\"https:\\\/\\\/www.tjc-group.com\\\/fr\\\/\",\"name\":\"TJC Group\",\"description\":\"\",\"publisher\":{\"@id\":\"https:\\\/\\\/www.tjc-group.com\\\/fr\\\/#organization\"},\"potentialAction\":[{\"@type\":\"SearchAction\",\"target\":{\"@type\":\"EntryPoint\",\"urlTemplate\":\"https:\\\/\\\/www.tjc-group.com\\\/fr\\\/?s={search_term_string}\"},\"query-input\":{\"@type\":\"PropertyValueSpecification\",\"valueRequired\":true,\"valueName\":\"search_term_string\"}}],\"inLanguage\":\"fr-FR\"},{\"@type\":\"Organization\",\"@id\":\"https:\\\/\\\/www.tjc-group.com\\\/fr\\\/#organization\",\"name\":\"TJC Group\",\"url\":\"https:\\\/\\\/www.tjc-group.com\\\/fr\\\/\",\"logo\":{\"@type\":\"ImageObject\",\"inLanguage\":\"fr-FR\",\"@id\":\"https:\\\/\\\/www.tjc-group.com\\\/fr\\\/#\\\/schema\\\/logo\\\/image\\\/\",\"url\":\"https:\\\/\\\/www.tjc-group.com\\\/wp-content\\\/uploads\\\/2021\\\/05\\\/logo.svg\",\"contentUrl\":\"https:\\\/\\\/www.tjc-group.com\\\/wp-content\\\/uploads\\\/2021\\\/05\\\/logo.svg\",\"caption\":\"TJC Group\"},\"image\":{\"@id\":\"https:\\\/\\\/www.tjc-group.com\\\/fr\\\/#\\\/schema\\\/logo\\\/image\\\/\"},\"sameAs\":[\"https:\\\/\\\/x.com\\\/tjcsoftware\",\"https:\\\/\\\/www.linkedin.com\\\/company\\\/tjc-group\",\"https:\\\/\\\/www.youtube.com\\\/tjcgroup\"]}]}<\/script>\n<!-- \/ Yoast SEO Premium plugin. -->","yoast_head_json":{"title":"Politique de confidentialit\u00e9 - TJC Group","description":"Veuillez lire attentivement notre politique de confidentialit\u00e9 concernant vos donn\u00e9es personnelles.","robots":{"index":"index","follow":"follow","max-snippet":"max-snippet:-1","max-image-preview":"max-image-preview:large","max-video-preview":"max-video-preview:-1"},"canonical":"https:\/\/www.tjc-group.com\/fr\/politique-de-confidentialite\/","og_locale":"fr_FR","og_type":"article","og_title":"Politique de confidentialit\u00e9","og_description":"Veuillez lire attentivement notre politique de confidentialit\u00e9 concernant vos donn\u00e9es personnelles.","og_url":"https:\/\/www.tjc-group.com\/fr\/politique-de-confidentialite\/","og_site_name":"TJC Group","article_modified_time":"2025-04-03T10:10:27+00:00","twitter_card":"summary_large_image","twitter_site":"@tjcsoftware","schema":{"@context":"https:\/\/schema.org","@graph":[{"@type":"WebPage","@id":"https:\/\/www.tjc-group.com\/fr\/politique-de-confidentialite\/","url":"https:\/\/www.tjc-group.com\/fr\/politique-de-confidentialite\/","name":"Politique de confidentialit\u00e9 - TJC Group","isPartOf":{"@id":"https:\/\/www.tjc-group.com\/fr\/#website"},"datePublished":"2021-06-07T13:26:47+00:00","dateModified":"2025-04-03T10:10:27+00:00","description":"Veuillez lire attentivement notre politique de confidentialit\u00e9 concernant vos donn\u00e9es personnelles.","breadcrumb":{"@id":"https:\/\/www.tjc-group.com\/fr\/politique-de-confidentialite\/#breadcrumb"},"inLanguage":"fr-FR","potentialAction":[{"@type":"ReadAction","target":["https:\/\/www.tjc-group.com\/fr\/politique-de-confidentialite\/"]}]},{"@type":"BreadcrumbList","@id":"https:\/\/www.tjc-group.com\/fr\/politique-de-confidentialite\/#breadcrumb","itemListElement":[{"@type":"ListItem","position":1,"name":"Home","item":"https:\/\/www.tjc-group.com\/fr\/"},{"@type":"ListItem","position":2,"name":"Politique de confidentialit\u00e9"}]},{"@type":"WebSite","@id":"https:\/\/www.tjc-group.com\/fr\/#website","url":"https:\/\/www.tjc-group.com\/fr\/","name":"TJC Group","description":"","publisher":{"@id":"https:\/\/www.tjc-group.com\/fr\/#organization"},"potentialAction":[{"@type":"SearchAction","target":{"@type":"EntryPoint","urlTemplate":"https:\/\/www.tjc-group.com\/fr\/?s={search_term_string}"},"query-input":{"@type":"PropertyValueSpecification","valueRequired":true,"valueName":"search_term_string"}}],"inLanguage":"fr-FR"},{"@type":"Organization","@id":"https:\/\/www.tjc-group.com\/fr\/#organization","name":"TJC Group","url":"https:\/\/www.tjc-group.com\/fr\/","logo":{"@type":"ImageObject","inLanguage":"fr-FR","@id":"https:\/\/www.tjc-group.com\/fr\/#\/schema\/logo\/image\/","url":"https:\/\/www.tjc-group.com\/wp-content\/uploads\/2021\/05\/logo.svg","contentUrl":"https:\/\/www.tjc-group.com\/wp-content\/uploads\/2021\/05\/logo.svg","caption":"TJC Group"},"image":{"@id":"https:\/\/www.tjc-group.com\/fr\/#\/schema\/logo\/image\/"},"sameAs":["https:\/\/x.com\/tjcsoftware","https:\/\/www.linkedin.com\/company\/tjc-group","https:\/\/www.youtube.com\/tjcgroup"]}]}},"_links":{"self":[{"href":"https:\/\/www.tjc-group.com\/fr\/wp-json\/wp\/v2\/pages\/1635","targetHints":{"allow":["GET"]}}],"collection":[{"href":"https:\/\/www.tjc-group.com\/fr\/wp-json\/wp\/v2\/pages"}],"about":[{"href":"https:\/\/www.tjc-group.com\/fr\/wp-json\/wp\/v2\/types\/page"}],"author":[{"embeddable":true,"href":"https:\/\/www.tjc-group.com\/fr\/wp-json\/wp\/v2\/users\/2"}],"replies":[{"embeddable":true,"href":"https:\/\/www.tjc-group.com\/fr\/wp-json\/wp\/v2\/comments?post=1635"}],"version-history":[{"count":6,"href":"https:\/\/www.tjc-group.com\/fr\/wp-json\/wp\/v2\/pages\/1635\/revisions"}],"predecessor-version":[{"id":39521,"href":"https:\/\/www.tjc-group.com\/fr\/wp-json\/wp\/v2\/pages\/1635\/revisions\/39521"}],"wp:attachment":[{"href":"https:\/\/www.tjc-group.com\/fr\/wp-json\/wp\/v2\/media?parent=1635"}],"curies":[{"name":"wp","href":"https:\/\/api.w.org\/{rel}","templated":true}]}}