{"id":2482,"date":"2021-01-20T14:30:00","date_gmt":"2021-01-20T09:00:00","guid":{"rendered":"https:\/\/www.tjc-group.com\/\/\/accueil\/"},"modified":"2025-06-19T21:22:46","modified_gmt":"2025-06-19T15:52:46","slug":"accueil-2","status":"publish","type":"page","link":"https:\/\/www.tjc-group.com\/de\/","title":{"rendered":"Startseite"},"content":{"rendered":"","protected":false},"excerpt":{"rendered":"","protected":false},"author":2,"featured_media":0,"parent":0,"menu_order":0,"comment_status":"closed","ping_status":"closed","template":"templates\/template-home.php","meta":{"content-type":"","footnotes":""},"class_list":["post-2482","page","type-page","status-publish","hentry"],"yoast_head":"<!-- This site is optimized with the Yoast SEO Premium plugin v27.4 (Yoast SEO v27.5) - https:\/\/yoast.com\/product\/yoast-seo-premium-wordpress\/ -->\n<title>Experten f\u00fcr SAP-Datenarchivierung und -Datenextraktion| TJC Group<\/title>\n<meta name=\"description\" content=\"TJC steht seit \u00fcber 20 Jahren f\u00fcr h\u00f6chste SAP Beratungskompetenz im Bereich SAP Datenarchivierung, sowie f\u00fcr Datenextraktion f\u00fcr Audit-Zwecke und Systemstilllegungen. Because your data matters.\" \/>\n<meta name=\"robots\" content=\"index, follow, max-snippet:-1, max-image-preview:large, max-video-preview:-1\" \/>\n<link rel=\"canonical\" href=\"https:\/\/www.tjc-group.com\/de\/\" \/>\n<meta property=\"og:locale\" content=\"de_DE\" \/>\n<meta property=\"og:type\" content=\"article\" \/>\n<meta property=\"og:title\" content=\"Experten f\u00fcr Datenmanagement\" \/>\n<meta property=\"og:description\" content=\"Gewinnen Sie mit unserem klaren und strukturierten Ansatz die Kontrolle \u00fcber Ihre Daten zur\u00fcck.\" \/>\n<meta property=\"og:url\" content=\"https:\/\/www.tjc-group.com\/de\/\" \/>\n<meta property=\"og:site_name\" content=\"TJC Group\" \/>\n<meta property=\"article:modified_time\" content=\"2025-06-19T15:52:46+00:00\" \/>\n<meta property=\"og:image\" content=\"https:\/\/www.tjc-group.com\/wp-content\/uploads\/2015\/05\/TJC-Group-logo-1200x600-1.jpg\" \/>\n\t<meta property=\"og:image:width\" content=\"1200\" \/>\n\t<meta property=\"og:image:height\" content=\"600\" \/>\n\t<meta property=\"og:image:type\" content=\"image\/jpeg\" \/>\n<meta name=\"twitter:card\" content=\"summary_large_image\" \/>\n<meta name=\"twitter:title\" content=\"Experten f\u00fcr Datenmanagement\" \/>\n<meta name=\"twitter:description\" content=\"Gewinnen Sie mit unserem klaren und strukturierten Ansatz die Kontrolle \u00fcber Ihre Daten zur\u00fcck.\" \/>\n<meta name=\"twitter:site\" content=\"@tjcsoftware\" \/>\n<script type=\"application\/ld+json\" class=\"yoast-schema-graph\">{\"@context\":\"https:\\\/\\\/schema.org\",\"@graph\":[{\"@type\":\"WebPage\",\"@id\":\"https:\\\/\\\/www.tjc-group.com\\\/de\\\/\",\"url\":\"https:\\\/\\\/www.tjc-group.com\\\/de\\\/\",\"name\":\"Experten f\u00fcr SAP-Datenarchivierung und -Datenextraktion| TJC Group\",\"isPartOf\":{\"@id\":\"https:\\\/\\\/www.tjc-group.com\\\/de\\\/#website\"},\"datePublished\":\"2021-01-20T09:00:00+00:00\",\"dateModified\":\"2025-06-19T15:52:46+00:00\",\"description\":\"TJC steht seit \u00fcber 20 Jahren f\u00fcr h\u00f6chste SAP Beratungskompetenz im Bereich SAP Datenarchivierung, sowie f\u00fcr Datenextraktion f\u00fcr Audit-Zwecke und Systemstilllegungen. Because your data matters.\",\"breadcrumb\":{\"@id\":\"https:\\\/\\\/www.tjc-group.com\\\/de\\\/#breadcrumb\"},\"inLanguage\":\"de\",\"potentialAction\":[{\"@type\":\"ReadAction\",\"target\":[\"https:\\\/\\\/www.tjc-group.com\\\/de\\\/\"]}]},{\"@type\":\"BreadcrumbList\",\"@id\":\"https:\\\/\\\/www.tjc-group.com\\\/de\\\/#breadcrumb\",\"itemListElement\":[{\"@type\":\"ListItem\",\"position\":1,\"name\":\"Home\",\"item\":\"https:\\\/\\\/www.tjc-group.com\\\/de\\\/\"},{\"@type\":\"ListItem\",\"position\":2,\"name\":\"Startseite\"}]},{\"@type\":\"WebSite\",\"@id\":\"https:\\\/\\\/www.tjc-group.com\\\/de\\\/#website\",\"url\":\"https:\\\/\\\/www.tjc-group.com\\\/de\\\/\",\"name\":\"TJC Group\",\"description\":\"\",\"publisher\":{\"@id\":\"https:\\\/\\\/www.tjc-group.com\\\/de\\\/#organization\"},\"potentialAction\":[{\"@type\":\"SearchAction\",\"target\":{\"@type\":\"EntryPoint\",\"urlTemplate\":\"https:\\\/\\\/www.tjc-group.com\\\/de\\\/?s={search_term_string}\"},\"query-input\":{\"@type\":\"PropertyValueSpecification\",\"valueRequired\":true,\"valueName\":\"search_term_string\"}}],\"inLanguage\":\"de\"},{\"@type\":\"Organization\",\"@id\":\"https:\\\/\\\/www.tjc-group.com\\\/de\\\/#organization\",\"name\":\"TJC Group\",\"url\":\"https:\\\/\\\/www.tjc-group.com\\\/de\\\/\",\"logo\":{\"@type\":\"ImageObject\",\"inLanguage\":\"de\",\"@id\":\"https:\\\/\\\/www.tjc-group.com\\\/de\\\/#\\\/schema\\\/logo\\\/image\\\/\",\"url\":\"https:\\\/\\\/www.tjc-group.com\\\/wp-content\\\/uploads\\\/2021\\\/05\\\/logo.svg\",\"contentUrl\":\"https:\\\/\\\/www.tjc-group.com\\\/wp-content\\\/uploads\\\/2021\\\/05\\\/logo.svg\",\"caption\":\"TJC Group\"},\"image\":{\"@id\":\"https:\\\/\\\/www.tjc-group.com\\\/de\\\/#\\\/schema\\\/logo\\\/image\\\/\"},\"sameAs\":[\"https:\\\/\\\/x.com\\\/tjcsoftware\",\"https:\\\/\\\/www.linkedin.com\\\/company\\\/tjc-group\",\"https:\\\/\\\/www.youtube.com\\\/tjcgroup\"]}]}<\/script>\n<!-- \/ Yoast SEO Premium plugin. -->","yoast_head_json":{"title":"Experten f\u00fcr SAP-Datenarchivierung und -Datenextraktion| TJC Group","description":"TJC steht seit \u00fcber 20 Jahren f\u00fcr h\u00f6chste SAP Beratungskompetenz im Bereich SAP Datenarchivierung, sowie f\u00fcr Datenextraktion f\u00fcr Audit-Zwecke und Systemstilllegungen. Because your data matters.","robots":{"index":"index","follow":"follow","max-snippet":"max-snippet:-1","max-image-preview":"max-image-preview:large","max-video-preview":"max-video-preview:-1"},"canonical":"https:\/\/www.tjc-group.com\/de\/","og_locale":"de_DE","og_type":"article","og_title":"Experten f\u00fcr Datenmanagement","og_description":"Gewinnen Sie mit unserem klaren und strukturierten Ansatz die Kontrolle \u00fcber Ihre Daten zur\u00fcck.","og_url":"https:\/\/www.tjc-group.com\/de\/","og_site_name":"TJC Group","article_modified_time":"2025-06-19T15:52:46+00:00","og_image":[{"width":1200,"height":600,"url":"https:\/\/www.tjc-group.com\/wp-content\/uploads\/2015\/05\/TJC-Group-logo-1200x600-1.jpg","type":"image\/jpeg"}],"twitter_card":"summary_large_image","twitter_title":"Experten f\u00fcr Datenmanagement","twitter_description":"Gewinnen Sie mit unserem klaren und strukturierten Ansatz die Kontrolle \u00fcber Ihre Daten zur\u00fcck.","twitter_site":"@tjcsoftware","schema":{"@context":"https:\/\/schema.org","@graph":[{"@type":"WebPage","@id":"https:\/\/www.tjc-group.com\/de\/","url":"https:\/\/www.tjc-group.com\/de\/","name":"Experten f\u00fcr SAP-Datenarchivierung und -Datenextraktion| TJC Group","isPartOf":{"@id":"https:\/\/www.tjc-group.com\/de\/#website"},"datePublished":"2021-01-20T09:00:00+00:00","dateModified":"2025-06-19T15:52:46+00:00","description":"TJC steht seit \u00fcber 20 Jahren f\u00fcr h\u00f6chste SAP Beratungskompetenz im Bereich SAP Datenarchivierung, sowie f\u00fcr Datenextraktion f\u00fcr Audit-Zwecke und Systemstilllegungen. Because your data matters.","breadcrumb":{"@id":"https:\/\/www.tjc-group.com\/de\/#breadcrumb"},"inLanguage":"de","potentialAction":[{"@type":"ReadAction","target":["https:\/\/www.tjc-group.com\/de\/"]}]},{"@type":"BreadcrumbList","@id":"https:\/\/www.tjc-group.com\/de\/#breadcrumb","itemListElement":[{"@type":"ListItem","position":1,"name":"Home","item":"https:\/\/www.tjc-group.com\/de\/"},{"@type":"ListItem","position":2,"name":"Startseite"}]},{"@type":"WebSite","@id":"https:\/\/www.tjc-group.com\/de\/#website","url":"https:\/\/www.tjc-group.com\/de\/","name":"TJC Group","description":"","publisher":{"@id":"https:\/\/www.tjc-group.com\/de\/#organization"},"potentialAction":[{"@type":"SearchAction","target":{"@type":"EntryPoint","urlTemplate":"https:\/\/www.tjc-group.com\/de\/?s={search_term_string}"},"query-input":{"@type":"PropertyValueSpecification","valueRequired":true,"valueName":"search_term_string"}}],"inLanguage":"de"},{"@type":"Organization","@id":"https:\/\/www.tjc-group.com\/de\/#organization","name":"TJC Group","url":"https:\/\/www.tjc-group.com\/de\/","logo":{"@type":"ImageObject","inLanguage":"de","@id":"https:\/\/www.tjc-group.com\/de\/#\/schema\/logo\/image\/","url":"https:\/\/www.tjc-group.com\/wp-content\/uploads\/2021\/05\/logo.svg","contentUrl":"https:\/\/www.tjc-group.com\/wp-content\/uploads\/2021\/05\/logo.svg","caption":"TJC Group"},"image":{"@id":"https:\/\/www.tjc-group.com\/de\/#\/schema\/logo\/image\/"},"sameAs":["https:\/\/x.com\/tjcsoftware","https:\/\/www.linkedin.com\/company\/tjc-group","https:\/\/www.youtube.com\/tjcgroup"]}]}},"_links":{"self":[{"href":"https:\/\/www.tjc-group.com\/de\/wp-json\/wp\/v2\/pages\/2482","targetHints":{"allow":["GET"]}}],"collection":[{"href":"https:\/\/www.tjc-group.com\/de\/wp-json\/wp\/v2\/pages"}],"about":[{"href":"https:\/\/www.tjc-group.com\/de\/wp-json\/wp\/v2\/types\/page"}],"author":[{"embeddable":true,"href":"https:\/\/www.tjc-group.com\/de\/wp-json\/wp\/v2\/users\/2"}],"replies":[{"embeddable":true,"href":"https:\/\/www.tjc-group.com\/de\/wp-json\/wp\/v2\/comments?post=2482"}],"version-history":[{"count":6,"href":"https:\/\/www.tjc-group.com\/de\/wp-json\/wp\/v2\/pages\/2482\/revisions"}],"predecessor-version":[{"id":40519,"href":"https:\/\/www.tjc-group.com\/de\/wp-json\/wp\/v2\/pages\/2482\/revisions\/40519"}],"wp:attachment":[{"href":"https:\/\/www.tjc-group.com\/de\/wp-json\/wp\/v2\/media?parent=2482"}],"curies":[{"name":"wp","href":"https:\/\/api.w.org\/{rel}","templated":true}]}}